{"id":6543,"date":"2023-02-27T13:51:07","date_gmt":"2023-02-27T13:51:07","guid":{"rendered":"https:\/\/www.ismboats.com\/mentions-legales\/"},"modified":"2023-06-19T10:19:30","modified_gmt":"2023-06-19T10:19:30","slug":"mentions-legales","status":"publish","type":"page","link":"https:\/\/www.ismboats.com\/fr\/mentions-legales\/","title":{"rendered":"Mentions l\u00e9gales"},"content":{"rendered":"<p>[et_pb_section fb_built=\u00a0\u00bb1&Prime; module_class=\u00a0\u00bblegal\u00a0\u00bb _builder_version=\u00a0\u00bb4.20.0&Prime; _module_preset=\u00a0\u00bbdefault\u00a0\u00bb hover_enabled=\u00a0\u00bb0&Prime; global_colors_info=\u00a0\u00bb{}\u00a0\u00bb sticky_enabled=\u00a0\u00bb0&Prime;][et_pb_row _builder_version=\u00a0\u00bb4.20.0&Prime; _module_preset=\u00a0\u00bbdefault\u00a0\u00bb global_colors_info=\u00a0\u00bb{}\u00a0\u00bb][et_pb_column type=\u00a0\u00bb4_4&Prime; _builder_version=\u00a0\u00bb4.20.0&Prime; _module_preset=\u00a0\u00bbdefault\u00a0\u00bb global_colors_info=\u00a0\u00bb{}\u00a0\u00bb][et_pb_text _builder_version=\u00a0\u00bb4.20.0&Prime; _module_preset=\u00a0\u00bbdefault\u00a0\u00bb text_font=\u00a0\u00bbPoppins||||||||\u00a0\u00bb text_font_size=\u00a0\u00bb18px\u00a0\u00bb header_font=\u00a0\u00bbCinzel||||||||\u00a0\u00bb header_2_font=\u00a0\u00bbCinzel||||||||\u00a0\u00bb header_3_font=\u00a0\u00bbCinzel||||||||\u00a0\u00bb global_colors_info=\u00a0\u00bb{}\u00a0\u00bb]<\/p>\n<h1 class=\"entry-title main_title\">Mentions l\u00e9gales<\/h1>\n<h2>I. Informations g\u00e9n\u00e9rales <\/h2>\n<p>Conform\u00e9ment \u00e0 l&rsquo;obligation d&rsquo;information pr\u00e9vue par la loi 34\/2002 sur les services de la soci\u00e9t\u00e9 de l&rsquo;information et le commerce \u00e9lectronique (LSSI-CE) du 11 juillet, les informations g\u00e9n\u00e9rales suivantes sont fournies sur ce site:<\/p>\n<p>La propri\u00e9t\u00e9 de ce site web, https:\/\/www.ismboats.com, (ci-apr\u00e8s le Site Web) l&rsquo;affiche: , fournie par NIF: itsaso@itsasosm.com et inscrite \u00e0: Registre de Gipuzkoa avec les coordonn\u00e9es suivantes: Tome 3, Page 2, Feuille 750, dont le repr\u00e9sentant est: Ander XXX, et<\/p>\n<p>Adresse : Nabal Aldea D4 20110 Pasai Donibane, Gipuzkoa<\/p>\n<p>Num\u00e9ro de t\u00e9l\u00e9phone de contact : 943 574 972<\/p>\n<p>Email de contact : Itsaso@itsasosm.com<\/p>\n<h2>II. Conditions g\u00e9n\u00e9rales d&rsquo;utilisation<\/h2>\n<h3>Objet des conditions : Le Site<\/h3>\n<p>L\u2019objet des pr\u00e9sentes Conditions G\u00e9n\u00e9rales d\u2019Utilisation (ci-apr\u00e8s les Conditions) est de r\u00e9glementer l\u2019acc\u00e8s et l\u2019utilisation du Site. Aux fins des pr\u00e9sentes Conditions, on entend par Site Web: l&rsquo;apparence externe des interfaces d&rsquo;\u00e9cran, \u00e0 la fois de mani\u00e8re statique et dynamique, c&rsquo;est-\u00e0-dire l&rsquo;arbre de navigation; et tous les \u00e9l\u00e9ments int\u00e9gr\u00e9s \u00e0 la fois dans les interfaces d&rsquo;\u00e9cran et dans l&rsquo;arbre de navigation (ci-apr\u00e8s, le Contenu) et tous les services ou ressources en ligne \u00e9ventuellement offerts aux Utilisateurs (ci-apr\u00e8s, les Services).<\/p>\n<p>ISM-Boats se r\u00e9serve le droit de modifier, \u00e0 tout moment et sans pr\u00e9avis, la pr\u00e9sentation et la configuration du Site et des Contenus et Services qui y sont incorpor\u00e9s. L\u2019Utilisateur reconna\u00eet et accepte qu\u2019\u00e0 tout moment ISM-Boats puisse interrompre, d\u00e9sactiver et\/ou annuler l\u2019un de ces \u00e9l\u00e9ments qui s\u2019int\u00e8grent au Site Web ou y acc\u00e9der.<\/p>\n<p>L\u2019acc\u00e8s au Site Web par l\u2019Utilisateur est libre et, en r\u00e8gle g\u00e9n\u00e9rale, gratuit sans que l\u2019Utilisateur doive fournir une contrepartie pour pouvoir en profiter, sauf en ce qui concerne le co\u00fbt de connexion via le r\u00e9seau de t\u00e9l\u00e9communications fourni par le fournisseur d\u2019acc\u00e8s que l\u2019Utilisateur a contract\u00e9.<\/p>\n<p>L\u2019utilisation du Contenu ne n\u00e9cessite pas d\u2019abonnement ou d\u2019inscription pr\u00e9alable.<\/p>\n<h3>L\u2019Utilisateur<\/h3>\n<p>L\u2019acc\u00e8s, la navigation et l\u2019utilisation du Site Web conf\u00e8rent la qualit\u00e9 d\u2019Utilisateur, de sorte que, d\u00e8s le d\u00e9but de la navigation sur le Site Web, toutes les Conditions \u00e9nonc\u00e9es ici, ainsi que leurs modifications ult\u00e9rieures, sont accept\u00e9es, sans pr\u00e9judice de l\u2019application de la l\u00e9gislation correspondante de conformit\u00e9 obligatoire selon le cas. Compte tenu de la pertinence de ce qui pr\u00e9c\u00e8de, il est recommand\u00e9 \u00e0 l\u2019Utilisateur de les lire chaque fois que vous visitez le Site.<\/p>\n<p>Le site Web d&rsquo;ISM-Boats fournit une grande diversit\u00e9 d&rsquo;informations, de services et de donn\u00e9es. L\u2019Utilisateur est responsable de l\u2019utilisation correcte du Site. Cette responsabilit\u00e9 s&rsquo;\u00e9tend:<\/p>\n<ul>\n<li>Une utilisation des informations, du contenu et\/ou des services et donn\u00e9es offerts par ISM-Boats sans \u00eatre contraire aux dispositions des pr\u00e9sentes Conditions, de la loi, de la morale ou de l&rsquo;ordre public, ou qui, de toute autre mani\u00e8re, pourraient porter atteinte aux droits de tiers ou au fonctionnement m\u00eame du Site.<\/li>\n<li>La v\u00e9racit\u00e9 et la l\u00e9galit\u00e9 des informations fournies par l\u2019Utilisateur dans les formulaires fournis par ISM-Boats pour l\u2019acc\u00e8s \u00e0 certains Contenus ou Services offerts par le Site. Dans tous les cas, l&rsquo;Utilisateur informera imm\u00e9diatement ISM-Boats de tout fait permettant l&rsquo;utilisation abusive des informations enregistr\u00e9es dans ces formulaires, telles que, mais pas seulement, le vol, la perte, ou l&rsquo;acc\u00e8s non autoris\u00e9 \u00e0 des identifiants et\/ou mots de passe, afin de proc\u00e9der \u00e0 leur annulation imm\u00e9diate.<\/li>\n<\/ul>\n<p>Le simple acc\u00e8s \u00e0 ce site Web n\u2019implique aucune relation commerciale entre ISM-Boats et l\u2019Utilisateur.<\/p>\n<p>Toujours dans le respect de la l\u00e9gislation en vigueur, ce site Web d&rsquo;ISM-Boats s&rsquo;adresse \u00e0 toutes les personnes, quel que soit leur \u00e2ge, qui peuvent acc\u00e9der et\/ou naviguer sur les pages du site Web.<\/p>\n<p>Le Site est principalement destin\u00e9 aux Utilisateurs r\u00e9sidant en France. ISM-Boats ne garantit pas que le Site respecte les lois d&rsquo;autres pays, en tout ou en partie. Si l\u2019Utilisateur r\u00e9side ou a son domicile dans un autre endroit et d\u00e9cide d\u2019acc\u00e9der et\/ou de naviguer sur le Site Web le fera sous sa propre responsabilit\u00e9, il devra s\u2019assurer qu\u2019un tel acc\u00e8s et navigation est conforme \u00e0 la l\u00e9gislation locale qui lui est applicable, en n\u2019assumant ISM-Boats aucune responsabilit\u00e9 pouvant d\u00e9couler de cet acc\u00e8s.<\/p>\n<h2>III. Acc\u00e8s et navigation sur le site: exclusion des garanties et responsabilit\u00e9<\/h2>\n<p>ISM-Boats ne garantit pas la continuit\u00e9, la disponibilit\u00e9 et l&rsquo;utilit\u00e9 du Site Web, ni des Contenus ou Services. ISM-Boats fera tout ce qui est en son pouvoir pour le bon fonctionnement du Site Web, mais il n&rsquo;est pas responsable ni garanti que l&rsquo;acc\u00e8s \u00e0 ce Site Web ne sera pas ininterrompu ou sans erreur.<\/p>\n<p>Il n\u2019est pas non plus responsable ou garantit que le contenu ou le logiciel auquel il peut \u00eatre acc\u00e9d\u00e9 par le biais de ce site Web est exempt d\u2019erreur ou cause des dommages au syst\u00e8me informatique (logiciel et mat\u00e9riel) de l\u2019Utilisateur. En aucun cas ISM-Boats ne sera responsable des pertes, dommages ou pr\u00e9judices de toute nature d\u00e9coulant de l&rsquo;acc\u00e8s, de la navigation et de l&rsquo;utilisation du Site Web, y compris, mais sans s&rsquo;y limiter, ceux caus\u00e9s aux syst\u00e8mes informatiques ou ceux provoqu\u00e9s par l&rsquo;introduction de virus.<\/p>\n<p>ISM-Boats n\u2019est pas non plus responsable des dommages qui pourraient \u00eatre caus\u00e9s aux utilisateurs en raison d\u2019une mauvaise utilisation de ce site. En particulier, il n&rsquo;est pas responsable en aucune mani\u00e8re des chutes, interruptions, manque ou d\u00e9faut des t\u00e9l\u00e9communications qui pourraient se produire.<\/p>\n<h2>IV. Politique de liens<\/h2>\n<p>Il est signal\u00e9 que le Site Web d&rsquo;ISM-Boats met ou peut mettre \u00e0 la disposition des Utilisateurs des moyens de lien (tels que, sans s&rsquo;y limiter, des liens, des banni\u00e8res, des boutons), des r\u00e9pertoires et des moteurs de recherche qui permettent aux Utilisateurs d&rsquo;acc\u00e9der \u00e0 des sites Web appartenant et\/ou g\u00e9r\u00e9s par des tiers.<\/p>\n<p>L\u2019installation de ces liens, r\u00e9pertoires et moteurs de recherche sur le Site Web vise \u00e0 faciliter aux Utilisateurs la recherche et l\u2019acc\u00e8s aux informations disponibles sur Internet, sans qu\u2019il puisse \u00eatre consid\u00e9r\u00e9 comme une suggestion, une recommandation ou une invitation \u00e0 les visiter.<\/p>\n<p>ISM-Boats n&rsquo;offre ni ne commercialise, par lui-m\u00eame ou par l&rsquo;interm\u00e9diaire de tiers, les produits et\/ou services disponibles sur ces sites li\u00e9s.<\/p>\n<p>ISM-Boats propose des contenus sponsoris\u00e9s, des publicit\u00e9s et\/ou des liens affili\u00e9s. Les informations contenues dans ces liens d&rsquo;affiliation ou les publicit\u00e9s int\u00e9gr\u00e9es sont fournies par les annonceurs eux-m\u00eames, de sorte qu&rsquo;ISM-Boats n&rsquo;est pas responsable d&rsquo;\u00e9ventuelles inexactitudes ou erreurs qui pourraient contenir les publicit\u00e9s, ni ne garantit en aucune mani\u00e8re l&rsquo;exp\u00e9rience, l&rsquo;int\u00e9grit\u00e9 ou la responsabilit\u00e9 des annonceurs ou la qualit\u00e9 de leurs produits et\/ou services.<\/p>\n<p>Il ne garantit pas non plus la disponibilit\u00e9 technique, l\u2019exactitude, la v\u00e9racit\u00e9, la validit\u00e9 ou la l\u00e9galit\u00e9 des sites autres que votre propri\u00e9t\u00e9 auxquels vous pouvez acc\u00e9der via les liens.<\/p>\n<p>ISM-Boats n&rsquo;examinera en aucun cas ou ne contr\u00f4lera le contenu d&rsquo;autres sites Web, ni n&rsquo;approuve, n&rsquo;examine ni ne rend propres les produits et services, contenus, fichiers et tout autre mat\u00e9riel existant sur ces sites li\u00e9s.<\/p>\n<p>ISM-Boats d\u00e9cline toute responsabilit\u00e9 pour les dommages qui pourraient r\u00e9sulter de l&rsquo;acc\u00e8s, de l&rsquo;utilisation, de la qualit\u00e9 ou de la l\u00e9galit\u00e9 du contenu, des communications, des avis, des produits et des services des sites Web non g\u00e9r\u00e9s par ISM-Boats et qui sont li\u00e9s \u00e0 ce site Web.<\/p>\n<p>L\u2019Utilisateur ou un tiers qui \u00e9tablit un lien hypertexte depuis un site Web d\u2019un autre site Web vers le site Web d\u2019ISM-Boats doit savoir que :<\/p>\n<p>La reproduction totale ou partielle des Contenus et\/ou Services du Site Web n\u2019est pas autoris\u00e9e sans l\u2019autorisation expresse d\u2019ISM-Boats.<\/p>\n<p>Aucune d\u00e9claration fausse, inexacte ou incorrecte sur le Site Web d\u2019ISM-Boats, ni sur le Contenu et\/ou les Services de celui-ci n\u2019est autoris\u00e9e.<\/p>\n<p>\u00c0 l&rsquo;exception de l&rsquo;hyperlien, le site Web dans lequel un tel hyperlien est \u00e9tabli ne contiendra aucun \u00e9l\u00e9ment de ce site Web, prot\u00e9g\u00e9 en tant que propri\u00e9t\u00e9 intellectuelle par l&rsquo;ordre juridique espagnol, sauf autorisation expresse d&rsquo;ISM-Boats.<\/p>\n<p>L&rsquo;\u00e9tablissement du lien hypertexte n&rsquo;implique pas l&rsquo;existence de relations entre ISM-Boats et le propri\u00e9taire du site web \u00e0 partir duquel il est r\u00e9alis\u00e9, ni la connaissance et l&rsquo;acceptation d&rsquo;ISM-Boats des contenus, services et\/ou activit\u00e9s offerts sur ce site web, et vice versa.<\/p>\n<h2>V. Propri\u00e9t\u00e9 intellectuelle et industrielle<\/h2>\n<p>ISM-Boats est propri\u00e9taire de tous les droits de propri\u00e9t\u00e9 intellectuelle et industrielle du Site Web, ainsi que des \u00e9l\u00e9ments qui y sont contenus (\u00e0 titre indicatif et non exhaustif, images, son, audio, vid\u00e9o, logiciels ou textes, marques ou logos, combinaisons de couleurs, structure et design, s\u00e9lection de mat\u00e9riaux utilis\u00e9s, programmes informatiques n\u00e9cessaires \u00e0 son fonctionnement, acc\u00e8s et utilisation, etc. ), Il s&rsquo;agit donc d&rsquo;\u0153uvres prot\u00e9g\u00e9es en tant que propri\u00e9t\u00e9 intellectuelle par l&rsquo;ordre juridique espagnol, les r\u00e8gles espagnole et communautaire dans ce domaine \u00e9tant applicables, ainsi que les trait\u00e9s internationaux relatifs \u00e0 la mati\u00e8re et sign\u00e9s par l&rsquo;Espagne.<\/p>\n<p>Todos los derechos reservados. En vertu des dispositions de la Loi sur la propri\u00e9t\u00e9 intellectuelle, la reproduction, la distribution et la communication publique, y compris sa modalit\u00e9 de mise \u00e0 disposition, de tout ou partie du contenu de ce site web, \u00e0 des fins commerciales, sur tout support et par tout moyen technique, sont express\u00e9ment interdites, sans l&rsquo;autorisation d&rsquo;ISM-Boats.<\/p>\n<p>L\u2019Utilisateur s\u2019engage \u00e0 respecter les droits de propri\u00e9t\u00e9 intellectuelle et industrielle d\u2019ISM-Boats. Vous pouvez visualiser les \u00e9l\u00e9ments du Site Web ou m\u00eame les imprimer, les copier et les stocker sur le disque dur de votre ordinateur ou sur tout autre support physique, \u00e0 condition que ce soit exclusivement pour votre usage personnel. L\u2019Utilisateur ne peut toutefois pas supprimer, modifier ou manipuler tout dispositif de protection ou syst\u00e8me de s\u00e9curit\u00e9 install\u00e9 sur le Site.<\/p>\n<p>Si l\u2019Utilisateur ou un tiers estime que l\u2019un des Contenus du Site Web constitue une violation des droits de protection de la propri\u00e9t\u00e9 intellectuelle, il doit en informer imm\u00e9diatement ISM-Boats par l\u2019interm\u00e9diaire des coordonn\u00e9es de la section INFORMATIONS G\u00c9N\u00c9RALES de cette Notice L\u00e9gale et Conditions G\u00e9n\u00e9rales d\u2019Utilisation.<\/p>\n<h2>VI. Actions juridiques, l\u00e9gislation et juridiction<\/h2>\n<p>ISM-Boats se r\u00e9serve le droit de d\u00e9poser les actions civiles ou p\u00e9nales qu&rsquo;il juge n\u00e9cessaires en raison de l&rsquo;utilisation abusive du Site Web et du Contenu, ou du non-respect des pr\u00e9sentes Conditions.<\/p>\n<p>La relation entre l\u2019Utilisateur et ISM-Boats sera r\u00e9gie par la r\u00e9glementation en vigueur et d\u2019application sur le territoire fran\u00e7ais. En cas de litige concernant l&rsquo;interpr\u00e9tation et\/ou l&rsquo;application des pr\u00e9sentes Conditions, les parties soumettront leurs diff\u00e9rends \u00e0 la juridiction ordinaire en s&rsquo;adressant aux juges et tribunaux comp\u00e9tents en droit.<\/p>\n<p>Ce document d&rsquo;Avis L\u00e9gal et Conditions G\u00e9n\u00e9rales d&rsquo;Utilisation du site Web a \u00e9t\u00e9 cr\u00e9\u00e9 par le g\u00e9n\u00e9rateur de mod\u00e8le d&rsquo;avis juridique et conditions d&rsquo;utilisation en ligne le 16\/07\/2021.<\/p>\n<p>[\/et_pb_text][\/et_pb_column][\/et_pb_row][\/et_pb_section]<\/p>\n","protected":false},"excerpt":{"rendered":"<p>Mentions l\u00e9gales I. Informations g\u00e9n\u00e9rales Conform\u00e9ment \u00e0 l&rsquo;obligation d&rsquo;information pr\u00e9vue par la loi 34\/2002 sur les services de la soci\u00e9t\u00e9 de l&rsquo;information et le commerce \u00e9lectronique (LSSI-CE) du 11 juillet, les informations g\u00e9n\u00e9rales suivantes sont fournies sur ce site: La propri\u00e9t\u00e9 de ce site web, https:\/\/www.ismboats.com, (ci-apr\u00e8s le Site Web) l&rsquo;affiche: , fournie par NIF: [&hellip;]<\/p>\n","protected":false},"author":1,"featured_media":0,"parent":0,"menu_order":31,"comment_status":"closed","ping_status":"closed","template":"","meta":{"_et_pb_use_builder":"on","_et_pb_old_content":"","_et_gb_content_width":"","_mi_skip_tracking":false,"_monsterinsights_sitenote_active":false,"_monsterinsights_sitenote_note":"","_monsterinsights_sitenote_category":0,"footnotes":""},"class_list":["post-6543","page","type-page","status-publish","hentry"],"yoast_head":"<!-- This site is optimized with the Yoast SEO plugin v20.9 - https:\/\/yoast.com\/wordpress\/plugins\/seo\/ -->\n<title>Mentions l\u00e9gales - Alquiler de Barcos y Excursiones en Pasaia<\/title>\n<meta name=\"robots\" content=\"index, follow, max-snippet:-1, max-image-preview:large, max-video-preview:-1\" \/>\n<link rel=\"canonical\" href=\"https:\/\/www.ismboats.com\/fr\/mentions-legales\/\" \/>\n<meta property=\"og:locale\" content=\"fr_FR\" \/>\n<meta property=\"og:type\" content=\"article\" \/>\n<meta property=\"og:title\" content=\"Mentions l\u00e9gales - Alquiler de Barcos y Excursiones en Pasaia\" \/>\n<meta property=\"og:description\" content=\"Mentions l\u00e9gales I. Informations g\u00e9n\u00e9rales Conform\u00e9ment \u00e0 l&#039;obligation d&#039;information pr\u00e9vue par la loi 34\/2002 sur les services de la soci\u00e9t\u00e9 de l&#039;information et le commerce \u00e9lectronique (LSSI-CE) du 11 juillet, les informations g\u00e9n\u00e9rales suivantes sont fournies sur ce site: La propri\u00e9t\u00e9 de ce site web, https:\/\/www.ismboats.com, (ci-apr\u00e8s le Site Web) l&#039;affiche: , fournie par NIF: [&hellip;]\" \/>\n<meta property=\"og:url\" content=\"https:\/\/www.ismboats.com\/fr\/mentions-legales\/\" \/>\n<meta property=\"og:site_name\" content=\"Alquiler de Barcos y Excursiones en Pasaia\" \/>\n<meta property=\"article:modified_time\" content=\"2023-06-19T10:19:30+00:00\" \/>\n<meta name=\"twitter:card\" content=\"summary_large_image\" \/>\n<meta name=\"twitter:label1\" content=\"Dur\u00e9e de lecture estim\u00e9e\" \/>\n\t<meta name=\"twitter:data1\" content=\"10 minutes\" \/>\n<script type=\"application\/ld+json\" class=\"yoast-schema-graph\">{\"@context\":\"https:\/\/schema.org\",\"@graph\":[{\"@type\":\"WebPage\",\"@id\":\"https:\/\/www.ismboats.com\/fr\/mentions-legales\/\",\"url\":\"https:\/\/www.ismboats.com\/fr\/mentions-legales\/\",\"name\":\"Mentions l\u00e9gales - Alquiler de Barcos y Excursiones en Pasaia\",\"isPartOf\":{\"@id\":\"https:\/\/www.ismboats.com\/fr\/#website\"},\"datePublished\":\"2023-02-27T13:51:07+00:00\",\"dateModified\":\"2023-06-19T10:19:30+00:00\",\"breadcrumb\":{\"@id\":\"https:\/\/www.ismboats.com\/fr\/mentions-legales\/#breadcrumb\"},\"inLanguage\":\"fr-FR\",\"potentialAction\":[{\"@type\":\"ReadAction\",\"target\":[\"https:\/\/www.ismboats.com\/fr\/mentions-legales\/\"]}]},{\"@type\":\"BreadcrumbList\",\"@id\":\"https:\/\/www.ismboats.com\/fr\/mentions-legales\/#breadcrumb\",\"itemListElement\":[{\"@type\":\"ListItem\",\"position\":1,\"name\":\"Portada\",\"item\":\"https:\/\/www.ismboats.com\/fr\/\"},{\"@type\":\"ListItem\",\"position\":2,\"name\":\"Mentions l\u00e9gales\"}]},{\"@type\":\"WebSite\",\"@id\":\"https:\/\/www.ismboats.com\/fr\/#website\",\"url\":\"https:\/\/www.ismboats.com\/fr\/\",\"name\":\"Alquiler de Barcos y Excursiones en Pasaia\",\"description\":\"\",\"potentialAction\":[{\"@type\":\"SearchAction\",\"target\":{\"@type\":\"EntryPoint\",\"urlTemplate\":\"https:\/\/www.ismboats.com\/fr\/?s={search_term_string}\"},\"query-input\":\"required name=search_term_string\"}],\"inLanguage\":\"fr-FR\"}]}<\/script>\n<!-- \/ Yoast SEO plugin. -->","yoast_head_json":{"title":"Mentions l\u00e9gales - Alquiler de Barcos y Excursiones en Pasaia","robots":{"index":"index","follow":"follow","max-snippet":"max-snippet:-1","max-image-preview":"max-image-preview:large","max-video-preview":"max-video-preview:-1"},"canonical":"https:\/\/www.ismboats.com\/fr\/mentions-legales\/","og_locale":"fr_FR","og_type":"article","og_title":"Mentions l\u00e9gales - Alquiler de Barcos y Excursiones en Pasaia","og_description":"Mentions l\u00e9gales I. Informations g\u00e9n\u00e9rales Conform\u00e9ment \u00e0 l'obligation d'information pr\u00e9vue par la loi 34\/2002 sur les services de la soci\u00e9t\u00e9 de l'information et le commerce \u00e9lectronique (LSSI-CE) du 11 juillet, les informations g\u00e9n\u00e9rales suivantes sont fournies sur ce site: La propri\u00e9t\u00e9 de ce site web, https:\/\/www.ismboats.com, (ci-apr\u00e8s le Site Web) l'affiche: , fournie par NIF: [&hellip;]","og_url":"https:\/\/www.ismboats.com\/fr\/mentions-legales\/","og_site_name":"Alquiler de Barcos y Excursiones en Pasaia","article_modified_time":"2023-06-19T10:19:30+00:00","twitter_card":"summary_large_image","twitter_misc":{"Dur\u00e9e de lecture estim\u00e9e":"10 minutes"},"schema":{"@context":"https:\/\/schema.org","@graph":[{"@type":"WebPage","@id":"https:\/\/www.ismboats.com\/fr\/mentions-legales\/","url":"https:\/\/www.ismboats.com\/fr\/mentions-legales\/","name":"Mentions l\u00e9gales - Alquiler de Barcos y Excursiones en Pasaia","isPartOf":{"@id":"https:\/\/www.ismboats.com\/fr\/#website"},"datePublished":"2023-02-27T13:51:07+00:00","dateModified":"2023-06-19T10:19:30+00:00","breadcrumb":{"@id":"https:\/\/www.ismboats.com\/fr\/mentions-legales\/#breadcrumb"},"inLanguage":"fr-FR","potentialAction":[{"@type":"ReadAction","target":["https:\/\/www.ismboats.com\/fr\/mentions-legales\/"]}]},{"@type":"BreadcrumbList","@id":"https:\/\/www.ismboats.com\/fr\/mentions-legales\/#breadcrumb","itemListElement":[{"@type":"ListItem","position":1,"name":"Portada","item":"https:\/\/www.ismboats.com\/fr\/"},{"@type":"ListItem","position":2,"name":"Mentions l\u00e9gales"}]},{"@type":"WebSite","@id":"https:\/\/www.ismboats.com\/fr\/#website","url":"https:\/\/www.ismboats.com\/fr\/","name":"Alquiler de Barcos y Excursiones en Pasaia","description":"","potentialAction":[{"@type":"SearchAction","target":{"@type":"EntryPoint","urlTemplate":"https:\/\/www.ismboats.com\/fr\/?s={search_term_string}"},"query-input":"required name=search_term_string"}],"inLanguage":"fr-FR"}]}},"_links":{"self":[{"href":"https:\/\/www.ismboats.com\/fr\/wp-json\/wp\/v2\/pages\/6543","targetHints":{"allow":["GET"]}}],"collection":[{"href":"https:\/\/www.ismboats.com\/fr\/wp-json\/wp\/v2\/pages"}],"about":[{"href":"https:\/\/www.ismboats.com\/fr\/wp-json\/wp\/v2\/types\/page"}],"author":[{"embeddable":true,"href":"https:\/\/www.ismboats.com\/fr\/wp-json\/wp\/v2\/users\/1"}],"replies":[{"embeddable":true,"href":"https:\/\/www.ismboats.com\/fr\/wp-json\/wp\/v2\/comments?post=6543"}],"version-history":[{"count":2,"href":"https:\/\/www.ismboats.com\/fr\/wp-json\/wp\/v2\/pages\/6543\/revisions"}],"predecessor-version":[{"id":6545,"href":"https:\/\/www.ismboats.com\/fr\/wp-json\/wp\/v2\/pages\/6543\/revisions\/6545"}],"wp:attachment":[{"href":"https:\/\/www.ismboats.com\/fr\/wp-json\/wp\/v2\/media?parent=6543"}],"curies":[{"name":"wp","href":"https:\/\/api.w.org\/{rel}","templated":true}]}}