{"id":6534,"date":"2023-02-27T13:15:00","date_gmt":"2023-02-27T13:15:00","guid":{"rendered":"https:\/\/www.ismboats.com\/politique-de-cookies\/"},"modified":"2023-06-19T09:10:16","modified_gmt":"2023-06-19T09:10:16","slug":"politique-de-cookies","status":"publish","type":"page","link":"https:\/\/www.ismboats.com\/fr\/politique-de-cookies\/","title":{"rendered":"Politique de cookies"},"content":{"rendered":"<p>[et_pb_section fb_built=\u00a0\u00bb1&Prime; module_class=\u00a0\u00bblegal\u00a0\u00bb _builder_version=\u00a0\u00bb4.20.0&Prime; global_colors_info=\u00a0\u00bb{}\u00a0\u00bb][et_pb_row _builder_version=\u00a0\u00bb4.16&Prime; background_size=\u00a0\u00bbinitial\u00a0\u00bb background_position=\u00a0\u00bbtop_left\u00a0\u00bb background_repeat=\u00a0\u00bbrepeat\u00a0\u00bb global_colors_info=\u00a0\u00bb{}\u00a0\u00bb][et_pb_column type=\u00a0\u00bb4_4&Prime; _builder_version=\u00a0\u00bb4.16&Prime; custom_padding=\u00a0\u00bb|||\u00a0\u00bb global_colors_info=\u00a0\u00bb{}\u00a0\u00bb custom_padding__hover=\u00a0\u00bb|||\u00a0\u00bb][et_pb_text _builder_version=\u00a0\u00bb4.20.0&Prime; text_font=\u00a0\u00bbPoppins||||||||\u00a0\u00bb text_font_size=\u00a0\u00bb18px\u00a0\u00bb header_font=\u00a0\u00bbCinzel||||||||\u00a0\u00bb header_2_font=\u00a0\u00bbCinzel||||||||\u00a0\u00bb header_3_font=\u00a0\u00bbCinzel||||||||\u00a0\u00bb background_size=\u00a0\u00bbinitial\u00a0\u00bb background_position=\u00a0\u00bbtop_left\u00a0\u00bb background_repeat=\u00a0\u00bbrepeat\u00a0\u00bb global_colors_info=\u00a0\u00bb{}\u00a0\u00bb]<\/p>\n<p>Sur ce site Web, des cookies tiers et propres sont utilis\u00e9s pour vous assurer une meilleure exp\u00e9rience de navigation, vous pouvez partager du contenu sur les r\u00e9seaux sociaux et pour que nous puissions obtenir des statistiques d&rsquo;utilisation.<\/p>\n<p>Vous pouvez emp\u00eacher le t\u00e9l\u00e9chargement de cookies via les param\u00e8tres de votre navigateur, emp\u00eachant ainsi le stockage des cookies sur votre appareil.<\/p>\n<p>En tant que propri\u00e9taire de ce site, je vous informe que nous n&rsquo;utilisons aucune information personnelle issue des cookies, nous ne faisons que des statistiques g\u00e9n\u00e9rales de visites qui n&rsquo;impliquent aucune information personnelle.<\/p>\n<p>Il est tr\u00e8s important que vous lisiez cette politique de cookies et que vous compreniez que si vous continuez \u00e0 naviguer, nous consid\u00e9rerons que vous acceptez leur utilisation.<\/p>\n<p>Selon les termes inclus dans l&rsquo;article 22.2 de la loi 34\/2002 sur les services de la soci\u00e9t\u00e9 de l&rsquo;information et du commerce \u00e9lectronique, si vous continuez \u00e0 naviguer, vous donnerez votre consentement pour l&rsquo;utilisation des m\u00e9canismes susmentionn\u00e9s.<\/p>\n<h2>Entit\u00e9 responsable<\/h2>\n<p>L&rsquo;entit\u00e9 responsable de la collecte, du traitement et de l&rsquo;utilisation de vos donn\u00e9es personnelles, au sens \u00e9tabli par la loi sur la protection des donn\u00e9es personnelles, est la page ISM-Boats, propri\u00e9t\u00e9 d&rsquo;Ander XXX \u2013 Nabal Aldea D4 20110 Pasai Donibane, Gipuzkoa.<\/p>\n<h2>Que sont les cookies ?<\/h2>\n<p>Les cookies sont un ensemble de donn\u00e9es qu&rsquo;un serveur d\u00e9pose dans le navigateur de l&rsquo;utilisateur pour collecter des informations d&rsquo;enregistrement Internet standard et des informations sur le comportement des visiteurs d&rsquo;un site Web. En d&rsquo;autres termes, ce sont de petits fichiers texte qui sont stock\u00e9s sur le disque dur de l&rsquo;ordinateur et qui servent \u00e0 identifier l&rsquo;utilisateur lorsqu&rsquo;il se connecte \u00e0 nouveau au site Web. Il a pour but d&rsquo;enregistrer la visite de l&rsquo;utilisateur et de stocker certaines informations. Son utilisation est courante et fr\u00e9quente sur le Web car elle permet aux pages de fonctionner plus efficacement et d&rsquo;obtenir une plus grande personnalisation et analyse du comportement des utilisateurs.<\/p>\n<h2>Quels types de cookies existent ?<\/h2>\n<p>Les cookies utilis\u00e9s sur notre site Web sont de session et de tiers, et nous permettent de stocker et d&rsquo;acc\u00e9der \u00e0 des informations relatives \u00e0 la langue, au type de navigateur utilis\u00e9 et \u00e0 d&rsquo;autres caract\u00e9ristiques g\u00e9n\u00e9rales pr\u00e9d\u00e9finies par l&rsquo;utilisateur, ainsi que de suivre et d&rsquo;analyser l&rsquo;activit\u00e9. . qu&rsquo;il effectue, afin d&rsquo;introduire des am\u00e9liorations et de fournir nos services de mani\u00e8re plus efficace et personnalis\u00e9e.<\/p>\n<p>Les cookies, selon leur permanence, peuvent \u00eatre divis\u00e9s en cookies de session ou permanents. Ceux qui expirent lorsque l&rsquo;utilisateur ferme le navigateur. Ceux qui expirent en fonction du moment o\u00f9 l&rsquo;objectif pour lequel ils servent est atteint (par exemple, pour que l&rsquo;utilisateur reste identifi\u00e9 dans les services Ander XXX) ou lorsqu&rsquo;ils sont supprim\u00e9s manuellement.<\/p>\n<table>\n<tbody>\n<tr>\n<td>Nom<\/td>\n<td>Type<\/td>\n<td>Expiration<\/td>\n<td>Objet<\/td>\n<td>Classe<\/td>\n<\/tr>\n<tr>\n<td>cookieyes-consent<\/td>\n<td>N\u00e9cessaire<\/td>\n<td>30 minutes<\/td>\n<td>Utilis\u00e9 pour d\u00e9terminer de nouvelles sessions ou visites<\/td>\n<td>No d&rsquo;exemption<\/td>\n<\/tr>\n<tr>\n<td>_ga<\/td>\n<td>De tiers (Google Analytics)<\/td>\n<td>2 ans<\/td>\n<td>Aidez \u00e0 collecter des donn\u00e9es<\/td>\n<td>Pas d&rsquo;exemption<\/td>\n<\/tr>\n<tr>\n<td>_ga_5KYJLFGP3W<\/td>\n<td>De tiers (Google Analytics)<\/td>\n<td>2 ans<\/td>\n<td>Aidez \u00e0 collecter des donn\u00e9es<\/td>\n<td>Pas d&rsquo;exemption<\/td>\n<\/tr>\n<\/tbody>\n<\/table>\n<p>De plus, selon leur objectif, les cookies peuvent \u00eatre class\u00e9s comme suit :<\/p>\n<h2>Cookies de performance<\/h2>\n<p>Ce type de Cookie m\u00e9morise vos pr\u00e9f\u00e9rences pour les outils trouv\u00e9s dans les Services, vous n&rsquo;avez donc pas \u00e0 reconfigurer le Service \u00e0 chaque visite. A titre d&rsquo;exemple, cette typologie comprend : Des r\u00e9glages de volume pour les lecteurs vid\u00e9o ou son. Vitesses de transmission vid\u00e9o prises en charge par votre navigateur. Articles stock\u00e9s dans le \u00ab\u00a0panier\u00a0\u00bb dans les services de commerce \u00e9lectronique tels que les magasins.<\/p>\n<h2>Cookies de g\u00e9olocalisation<\/h2>\n<p>Ces cookies sont utilis\u00e9s pour savoir dans quel pays vous vous trouvez lorsque vous demandez un service. Ce cookie est totalement anonyme et n&rsquo;est utilis\u00e9 que pour aider \u00e0 cibler le contenu sur votre emplacement.<\/p>\n<h2>Cookies d&rsquo;enregistrement<\/h2>\n<p>Les cookies d&rsquo;enregistrement sont g\u00e9n\u00e9r\u00e9s une fois que l&rsquo;utilisateur s&rsquo;est enregistr\u00e9 ou a ouvert sa session, et sont utilis\u00e9s pour vous identifier sur les services avec les objectifs suivants:<\/p>\n<p>Garder l&rsquo;utilisateur identifi\u00e9 de sorte que, si vous fermez un service, le navigateur ou l&rsquo;ordinateur et \u00e0 un autre moment ou un autre jour de retour dans ce service, il restera identifi\u00e9, facilitant ainsi sa navigation sans avoir \u00e0 se reconnecter. Cette fonctionnalit\u00e9 peut \u00eatre supprim\u00e9e si l&rsquo;utilisateur clique sur la fonctionnalit\u00e9 [cerrar sesi\u00f3n], de sorte que ce cookie est supprim\u00e9 et la prochaine fois qu&rsquo;il entre dans le service, l&rsquo;utilisateur devra se connecter pour \u00eatre identifi\u00e9.<\/p>\n<p>V\u00e9rifier si l&rsquo;utilisateur est autoris\u00e9 \u00e0 acc\u00e9der \u00e0 certains services, par exemple pour participer \u00e0 un concours.<\/p>\n<p>En outre, certains services peuvent utiliser des connecteurs avec des r\u00e9seaux sociaux tels que Facebook ou Twitter. Lorsque l\u2019utilisateur s\u2019inscrit dans un service avec des informations d\u2019identification d\u2019un r\u00e9seau social, il autorise le r\u00e9seau social \u00e0 enregistrer un cookie persistant qui rappelle son identit\u00e9 et lui garantit l\u2019acc\u00e8s aux services jusqu\u2019\u00e0 son expiration. L\u2019utilisateur peut supprimer ce cookie et r\u00e9voquer l\u2019acc\u00e8s aux services via les r\u00e9seaux sociaux en mettant \u00e0 jour ses pr\u00e9f\u00e9rences sur le r\u00e9seau social sp\u00e9cifique.<\/p>\n<h2>Cookies analytiques<\/h2>\n<p>Chaque fois qu\u2019un utilisateur visite un service, un outil tiers g\u00e9n\u00e8re un cookie analytique sur l\u2019ordinateur de l\u2019utilisateur. Ce cookie qui n&rsquo;est g\u00e9n\u00e9r\u00e9 que lors de la visite servira lors de prochaines visites aux services d&rsquo;Ander XXX pour identifier anonymement le visiteur. Les principaux objectifs poursuivis sont :<\/p>\n<p>Permettre l&rsquo;identification anonyme des utilisateurs naviguant via le cookie (identifie les navigateurs et les appareils, pas les personnes) et donc la comptabilisation approximative du nombre de visiteurs et de leur \u00e9volution dans le temps.<\/p>\n<p>Identifiez anonymement le contenu le plus visit\u00e9 et donc le plus attractif pour les utilisateurs. Sachez si l&rsquo;utilisateur qui acc\u00e8de est nouveau ou r\u00e9cidiviste.<\/p>\n<p>Important : Sauf si l&rsquo;utilisateur d\u00e9cide de s&rsquo;inscrire \u00e0 un service Ander XXX, le cookie ne sera jamais associ\u00e9 \u00e0 des donn\u00e9es personnelles permettant de l&rsquo;identifier. Ces cookies ne seront utilis\u00e9s qu&rsquo;\u00e0 des fins statistiques permettant d&rsquo;optimiser l&rsquo;exp\u00e9rience utilisateur sur le site.<\/p>\n<h2>Cookies publicitaires<\/h2>\n<p>Ce type de cookie vous permet d&rsquo;\u00e9tendre les informations des publicit\u00e9s pr\u00e9sent\u00e9es \u00e0 chaque utilisateur anonyme dans les services Ander XXX. Entre autres, la dur\u00e9e ou la fr\u00e9quence d&rsquo;affichage des positions publicitaires, l&rsquo;interaction avec celles-ci, ou les mod\u00e8les de navigation et\/ou les comportements des utilisateurs sont stock\u00e9s, car ils aident \u00e0 former un profil d&rsquo;int\u00e9r\u00eat publicitaire. De cette mani\u00e8re, ils permettent de proposer des publicit\u00e9s li\u00e9es aux int\u00e9r\u00eats de l&rsquo;utilisateur.<\/p>\n<h2>Cookies publicitaires tiers<\/h2>\n<p>En plus de la publicit\u00e9 g\u00e9r\u00e9e par les sites Web Ander XXX dans leurs services, les sites Web Ander XXX offrent \u00e0 leurs annonceurs la possibilit\u00e9 de diffuser des annonces par l&rsquo;interm\u00e9diaire de tiers (\u00ab\u00a0Ad-Servers\u00a0\u00bb). De cette mani\u00e8re, ces tiers peuvent stocker les cookies envoy\u00e9s par les services Ander XXX \u00e0 partir des navigateurs des utilisateurs, ainsi qu&rsquo;acc\u00e9der aux donn\u00e9es qui y sont stock\u00e9es.<\/p>\n<p>Les entreprises qui g\u00e9n\u00e8rent ces cookies ont leurs propres politiques de confidentialit\u00e9. Actuellement, les sites Web d&rsquo;Ander XXX utilisent la plate-forme Doubleclick (Google) pour g\u00e9rer ces services. Pour plus d&rsquo;informations, rendez-vous sur<\/p>\n<p><a href=\"http:\/\/www.google.es\/policies\/privacy\/ads\/#toc-doubleclick\">http:\/\/www.google.es\/policies\/privacy\/ads\/#toc-doubleclick<\/a> et \u00e0 <a href=\"http:\/\/www.google.es\/policies\/privacy\/ads\/\">http:\/\/www.google.es\/policies\/privacy\/ads\/<\/a>.<\/p>\n<h2>Comment puis-je d\u00e9sactiver les cookies dans mon navigateur ?<\/h2>\n<p>Les diff\u00e9rents navigateurs peuvent \u00eatre configur\u00e9s pour avertir l&rsquo;utilisateur de la r\u00e9ception de cookies et, s&rsquo;il le souhaite, emp\u00eacher leur installation sur l&rsquo;ordinateur. De m\u00eame, l&rsquo;utilisateur peut v\u00e9rifier dans son navigateur quels cookies il a install\u00e9s et quelle est la p\u00e9riode d&rsquo;expiration de ceux-ci, en pouvant les supprimer.<\/p>\n<p>Pour plus d&rsquo;informations, consultez les instructions et les manuels de votre navigateur :<\/p>\n<p>Pour plus d&rsquo;informations sur la gestion des cookies dans Google Chrome <a href=\"https:\/\/support.google.com\/chrome\/answer\/95647?hl=es\">https:\/\/support.google.com\/chrome\/answer\/95647?hl=es<\/a><\/p>\n<p>Pour plus d&rsquo;informations sur la gestion des cookies dans Internet Explorer :<\/p>\n<p>  <a href=\"http:\/\/windows.microsoft.com\/es-es\/windows-vista\/cookies-frequently-asked-question\"><\/a><br \/>\n  <a href=\"http:\/\/windows.microsoft.com\/es-es\/windows-vista\/cookies-frequently-asked-questions\">http:\/\/windows.microsoft.com\/es-es\/windows-vista\/cookies-frequently-asked-questions<\/a>\n<\/p>\n<p>Pour plus d&rsquo;informations sur la gestion des cookies dans Mozilla Firefox :<br \/>\n  <a href=\"http:\/\/support.mozilla.org\/es\/kb\/habilitar-y-deshabilitar-cookies-que-los-sitios-we%20\">http:\/\/support.mozilla.org\/es\/kb\/habilitar-y-deshabilitar-cookies-que-los-sitios-we<br \/>\n  <\/a><\/p>\n<p>Pour plus d&rsquo;informations sur la gestion des cookies dans Safari :<br \/>\n  <a href=\"http:\/\/www.apple.com\/es\/privacy\/use-of-cookies\/%20\">http:\/\/www.apple.com\/es\/privacy\/use-of-cookies\/<\/a>\n<\/p>\n<p>Pour plus d&rsquo;informations sur la gestion des cookies dans Opera : <a href=\"http:\/\/help.opera.com\/Windows\/11.50\/es-ES\/cookies.html\">http:\/\/help.opera.com\/Windows\/11.50\/es-ES\/cookies.html<\/a>\n<\/p>\n<p>Si vous souhaitez ne plus \u00eatre suivi par Google Analytics, visitez: <a href=\"http:\/\/tools.google.com\/dlpage\/gaoptout\">http:\/\/tools.google.com\/dlpage\/gaoptout<\/a>\n<\/p>\n<h2>En savoir plus sur les cookies<\/h2>\n<p>Vous pouvez obtenir plus d&rsquo;informations sur la publicit\u00e9 comportementale en ligne et la confidentialit\u00e9 en ligne sur le lien suivant :<br \/>\n  <a href=\"http:\/\/www.youronlinechoices.com\/es\/\">http:\/\/www.youronlinechoices.com\/es\/<\/a>\n<\/p>\n<p>Protection des donn\u00e9es Google Analytics :<br \/>\n  <a href=\"http:\/\/www.google.com\/analytics\/learn\/privacy.html\">http:\/\/www.google.com\/analytics\/learn\/privacy.html<\/a>\n<\/p>\n<p>Comment Google Analytics utilise les cookies :<br \/>\n  <a href=\"https:\/\/developers.google.com\/analytics\/devguides\/collection\/analyticsjs\/cookie-usage?hl=es#analyticsjs\">https:\/\/developers.google.com\/analytics\/devguides\/collection\/analyticsjs\/cookie-usage?hl=es#analyticsjs<\/a>\n<\/p>\n<h2>Mises \u00e0 jour et modifications de la politique de confidentialit\u00e9 \/ cookies<\/h2>\n<p>Les sites Web d&rsquo;Ander XXX peuvent modifier cette politique de cookies en fonction d&rsquo;exigences l\u00e9gislatives ou r\u00e9glementaires, ou dans le but d&rsquo;adapter ladite politique aux instructions \u00e9mises par l&rsquo;Agence espagnole de protection des donn\u00e9es, il est donc conseill\u00e9 aux utilisateurs de la visiter p\u00e9riodiquement.<\/p>\n<p>Lorsque des modifications importantes se produisent dans cette politique de cookies, celles-ci seront communiqu\u00e9es aux utilisateurs soit via le Web, soit par e-mail aux utilisateurs enregistr\u00e9s.<\/p>\n<p>[\/et_pb_text][\/et_pb_column][\/et_pb_row][\/et_pb_section]<\/p>\n","protected":false},"excerpt":{"rendered":"<p>Sur ce site Web, des cookies tiers et propres sont utilis\u00e9s pour vous assurer une meilleure exp\u00e9rience de navigation, vous pouvez partager du contenu sur les r\u00e9seaux sociaux et pour que nous puissions obtenir des statistiques d&rsquo;utilisation. Vous pouvez emp\u00eacher le t\u00e9l\u00e9chargement de cookies via les param\u00e8tres de votre navigateur, emp\u00eachant ainsi le stockage des [&hellip;]<\/p>\n","protected":false},"author":1,"featured_media":0,"parent":0,"menu_order":24,"comment_status":"closed","ping_status":"closed","template":"","meta":{"_et_pb_use_builder":"on","_et_pb_old_content":"","_et_gb_content_width":"","_mi_skip_tracking":false,"_monsterinsights_sitenote_active":false,"_monsterinsights_sitenote_note":"","_monsterinsights_sitenote_category":0,"footnotes":""},"class_list":["post-6534","page","type-page","status-publish","hentry"],"yoast_head":"<!-- This site is optimized with the Yoast SEO plugin v20.9 - https:\/\/yoast.com\/wordpress\/plugins\/seo\/ -->\n<title>Politique de cookies - Alquiler de Barcos y Excursiones en Pasaia<\/title>\n<meta name=\"robots\" content=\"index, follow, max-snippet:-1, max-image-preview:large, max-video-preview:-1\" \/>\n<link rel=\"canonical\" href=\"https:\/\/www.ismboats.com\/fr\/politique-de-cookies\/\" \/>\n<meta property=\"og:locale\" content=\"fr_FR\" \/>\n<meta property=\"og:type\" content=\"article\" \/>\n<meta property=\"og:title\" content=\"Politique de cookies - Alquiler de Barcos y Excursiones en Pasaia\" \/>\n<meta property=\"og:description\" content=\"Sur ce site Web, des cookies tiers et propres sont utilis\u00e9s pour vous assurer une meilleure exp\u00e9rience de navigation, vous pouvez partager du contenu sur les r\u00e9seaux sociaux et pour que nous puissions obtenir des statistiques d&#039;utilisation. Vous pouvez emp\u00eacher le t\u00e9l\u00e9chargement de cookies via les param\u00e8tres de votre navigateur, emp\u00eachant ainsi le stockage des [&hellip;]\" \/>\n<meta property=\"og:url\" content=\"https:\/\/www.ismboats.com\/fr\/politique-de-cookies\/\" \/>\n<meta property=\"og:site_name\" content=\"Alquiler de Barcos y Excursiones en Pasaia\" \/>\n<meta property=\"article:modified_time\" content=\"2023-06-19T09:10:16+00:00\" \/>\n<meta name=\"twitter:card\" content=\"summary_large_image\" \/>\n<meta name=\"twitter:label1\" content=\"Dur\u00e9e de lecture estim\u00e9e\" \/>\n\t<meta name=\"twitter:data1\" content=\"8 minutes\" \/>\n<script type=\"application\/ld+json\" class=\"yoast-schema-graph\">{\"@context\":\"https:\/\/schema.org\",\"@graph\":[{\"@type\":\"WebPage\",\"@id\":\"https:\/\/www.ismboats.com\/fr\/politique-de-cookies\/\",\"url\":\"https:\/\/www.ismboats.com\/fr\/politique-de-cookies\/\",\"name\":\"Politique de cookies - Alquiler de Barcos y Excursiones en Pasaia\",\"isPartOf\":{\"@id\":\"https:\/\/www.ismboats.com\/fr\/#website\"},\"datePublished\":\"2023-02-27T13:15:00+00:00\",\"dateModified\":\"2023-06-19T09:10:16+00:00\",\"breadcrumb\":{\"@id\":\"https:\/\/www.ismboats.com\/fr\/politique-de-cookies\/#breadcrumb\"},\"inLanguage\":\"fr-FR\",\"potentialAction\":[{\"@type\":\"ReadAction\",\"target\":[\"https:\/\/www.ismboats.com\/fr\/politique-de-cookies\/\"]}]},{\"@type\":\"BreadcrumbList\",\"@id\":\"https:\/\/www.ismboats.com\/fr\/politique-de-cookies\/#breadcrumb\",\"itemListElement\":[{\"@type\":\"ListItem\",\"position\":1,\"name\":\"Portada\",\"item\":\"https:\/\/www.ismboats.com\/fr\/\"},{\"@type\":\"ListItem\",\"position\":2,\"name\":\"Politique de cookies\"}]},{\"@type\":\"WebSite\",\"@id\":\"https:\/\/www.ismboats.com\/fr\/#website\",\"url\":\"https:\/\/www.ismboats.com\/fr\/\",\"name\":\"Alquiler de Barcos y Excursiones en Pasaia\",\"description\":\"\",\"potentialAction\":[{\"@type\":\"SearchAction\",\"target\":{\"@type\":\"EntryPoint\",\"urlTemplate\":\"https:\/\/www.ismboats.com\/fr\/?s={search_term_string}\"},\"query-input\":\"required name=search_term_string\"}],\"inLanguage\":\"fr-FR\"}]}<\/script>\n<!-- \/ Yoast SEO plugin. -->","yoast_head_json":{"title":"Politique de cookies - Alquiler de Barcos y Excursiones en Pasaia","robots":{"index":"index","follow":"follow","max-snippet":"max-snippet:-1","max-image-preview":"max-image-preview:large","max-video-preview":"max-video-preview:-1"},"canonical":"https:\/\/www.ismboats.com\/fr\/politique-de-cookies\/","og_locale":"fr_FR","og_type":"article","og_title":"Politique de cookies - Alquiler de Barcos y Excursiones en Pasaia","og_description":"Sur ce site Web, des cookies tiers et propres sont utilis\u00e9s pour vous assurer une meilleure exp\u00e9rience de navigation, vous pouvez partager du contenu sur les r\u00e9seaux sociaux et pour que nous puissions obtenir des statistiques d'utilisation. Vous pouvez emp\u00eacher le t\u00e9l\u00e9chargement de cookies via les param\u00e8tres de votre navigateur, emp\u00eachant ainsi le stockage des [&hellip;]","og_url":"https:\/\/www.ismboats.com\/fr\/politique-de-cookies\/","og_site_name":"Alquiler de Barcos y Excursiones en Pasaia","article_modified_time":"2023-06-19T09:10:16+00:00","twitter_card":"summary_large_image","twitter_misc":{"Dur\u00e9e de lecture estim\u00e9e":"8 minutes"},"schema":{"@context":"https:\/\/schema.org","@graph":[{"@type":"WebPage","@id":"https:\/\/www.ismboats.com\/fr\/politique-de-cookies\/","url":"https:\/\/www.ismboats.com\/fr\/politique-de-cookies\/","name":"Politique de cookies - Alquiler de Barcos y Excursiones en Pasaia","isPartOf":{"@id":"https:\/\/www.ismboats.com\/fr\/#website"},"datePublished":"2023-02-27T13:15:00+00:00","dateModified":"2023-06-19T09:10:16+00:00","breadcrumb":{"@id":"https:\/\/www.ismboats.com\/fr\/politique-de-cookies\/#breadcrumb"},"inLanguage":"fr-FR","potentialAction":[{"@type":"ReadAction","target":["https:\/\/www.ismboats.com\/fr\/politique-de-cookies\/"]}]},{"@type":"BreadcrumbList","@id":"https:\/\/www.ismboats.com\/fr\/politique-de-cookies\/#breadcrumb","itemListElement":[{"@type":"ListItem","position":1,"name":"Portada","item":"https:\/\/www.ismboats.com\/fr\/"},{"@type":"ListItem","position":2,"name":"Politique de cookies"}]},{"@type":"WebSite","@id":"https:\/\/www.ismboats.com\/fr\/#website","url":"https:\/\/www.ismboats.com\/fr\/","name":"Alquiler de Barcos y Excursiones en Pasaia","description":"","potentialAction":[{"@type":"SearchAction","target":{"@type":"EntryPoint","urlTemplate":"https:\/\/www.ismboats.com\/fr\/?s={search_term_string}"},"query-input":"required name=search_term_string"}],"inLanguage":"fr-FR"}]}},"_links":{"self":[{"href":"https:\/\/www.ismboats.com\/fr\/wp-json\/wp\/v2\/pages\/6534","targetHints":{"allow":["GET"]}}],"collection":[{"href":"https:\/\/www.ismboats.com\/fr\/wp-json\/wp\/v2\/pages"}],"about":[{"href":"https:\/\/www.ismboats.com\/fr\/wp-json\/wp\/v2\/types\/page"}],"author":[{"embeddable":true,"href":"https:\/\/www.ismboats.com\/fr\/wp-json\/wp\/v2\/users\/1"}],"replies":[{"embeddable":true,"href":"https:\/\/www.ismboats.com\/fr\/wp-json\/wp\/v2\/comments?post=6534"}],"version-history":[{"count":2,"href":"https:\/\/www.ismboats.com\/fr\/wp-json\/wp\/v2\/pages\/6534\/revisions"}],"predecessor-version":[{"id":6536,"href":"https:\/\/www.ismboats.com\/fr\/wp-json\/wp\/v2\/pages\/6534\/revisions\/6536"}],"wp:attachment":[{"href":"https:\/\/www.ismboats.com\/fr\/wp-json\/wp\/v2\/media?parent=6534"}],"curies":[{"name":"wp","href":"https:\/\/api.w.org\/{rel}","templated":true}]}}